{"id":54,"date":"2024-03-09T08:23:29","date_gmt":"2024-03-09T07:23:29","guid":{"rendered":"https:\/\/roseville.ch\/?page_id=54"},"modified":"2024-07-09T18:58:11","modified_gmt":"2024-07-09T16:58:11","slug":"reservation","status":"publish","type":"page","link":"https:\/\/roseville.ch\/en\/reservation\/","title":{"rendered":"Reservation"},"content":{"rendered":"<p><div id='planyo_plugin_code' class='planyo_wp planyo'>\n<script type=\"text\/javascript\">\n\/* these values are copied from the PHP settings; please update the original values above and leave these unchanged *\/\nvar ulap_script=\"ulap.php\"; \/* file name to one of the ULAP scripts, e.g. ulap.php, OR \"jsonp\" for a pure javascript implementation *\/\nvar planyo_site_id=\"Roseville-Escape\"; \/* ID of your planyo site *\/\nvar planyo_resource_id=\"\"; \/* optional: ID of the resource being reserved *\/\nvar planyo_files_location=\"https:\/\/roseville.ch\/wp-content\/plugins\/planyo-online-reservation-system\/\"; \/* relative or absolute directory where the planyo files are kept (usually '\/planyo-files') *\/\nvar planyo_language=\"EN\"; \/* you can optionally change the language here, e.g. 'FR' or 'ES' or pass the languge in the 'planyo_lang' parameter *\/\nvar sort_fields=\"name,price\"; \/* comma-separated sort fields -- a single field will hide the sort dropdown box *\/\nvar planyo_resource_ordering=\"name\"; \/* optional sort criterium for resource list *\/\nvar extra_search_fields=\"\"; \/* comma-separated extra fields in the search box *\/\nvar planyo_default_mode=\"reserve\";\nvar planyo_use_https=true; \/* set this to true if embedding planyo on a secure website (SSL) *\/\nvar planyo_attribs='?resource_id=126186&mode=reserve&lang=FR'; \/* optional attributes for non-default modes *\/\n<\/script>\n\n<script type=\"text\/javascript\">\nfunction get_param (name) {name = name.replace(\/[\\[]\/,\"\\\\\\[\").replace(\/[\\]]\/,\"\\\\\\]\");var regexS = \"[\\\\?&]\"+name+\"=([^&#]*)\";var regex = new RegExp (regexS);var results = regex.exec (window.location.href);if (results == null) return null;else  return results[1];}\nif (get_param('ppp_mode')) planyo_embed_mode = get_param('ppp_mode'); else if (get_param('mode')) planyo_embed_mode = get_param('mode');\nfunction get_full_planyo_file_path(name) {if(planyo_files_location.length==0||planyo_files_location.lastIndexOf('\/')==planyo_files_location.length-1)return planyo_files_location+name; else return planyo_files_location+'\/'+name;}\n<\/script>\n<link rel='stylesheet' href='https:\/\/www.planyo.com\/schemes\/?calendar=Roseville-Escape&detect_mobile=auto&sel=scheme_css' type='text\/css' \/>\n<div id='planyo_content' class='planyo'><img src='https:\/\/www.planyo.com\/images\/hourglass.gif' align='middle' \/><\/div>\n<script type='text\/javascript' src='https:\/\/www.planyo.com\/Plugins\/PlanyoFiles\/jquery-3.6.4.min.js'><\/script>\n<script src='https:\/\/www.planyo.com\/Plugins\/PlanyoFiles\/booking-utils.js' type='text\/javascript'><\/script>\n<noscript>\n<a href='https:\/\/www.planyo.com\/about-calendar.php?calendar=Roseville-Escape'>Make a reservation<\/a><br\/><br\/><a href='https:\/\/www.planyo.com\/'>Reservation\n  system powered by Planyo<\/a>\n<\/noscript>\n<\/div>\n<br \/>\n<script type=\"text\/javascript\">\n\/\/ change the following values to match your settings\nvar planyo_site_id='38662'; \/\/ ID of your planyo site\nvar planyo_default_mode='reserve'; \/\/ one of: 'resource_list' (displays list of resources with photos, descriptions etc.), 'search' (displays the search box), 'empty' (will not display anything by default but will require you to either pass the resource ID as parameter in the URL (resource_id) or add an external search box or calendar preview), 'upcoming_availability' (displays a quick list of all upcoming availability)\nvar extra_search_fields=''; \/\/ comma-separated extra fields in the search box, e.g. 'Number of persons'. You first need to define them in settings\/custom resource properties\nvar sort_fields=''; \/\/ comma-separated sort fields for the search box -- a single field will hide the sort dropdown box\nvar planyo_resource_ordering='name'; \/\/ optional sort criterium for resource list\nvar planyo_include_js_library=true; \/\/ set this to true if jQuery (required) should be included by this plugin, or false if your website already includes jQuery\nvar planyo_attribs='resource_id=126186&mode=reserve'; \/\/ optionally you can insert the attribute string here\nvar planyo_resource_id=''; \/\/ optional: ID of the resource being reserved\nvar planyo_language='FR'; \/\/ you can optionally change the language here, e.g. 'FR' or 'ES' or pass the languge in the 'lang' parameter. 'AUTO' means the language is detected automatically\nvar ulap_script=\"jsonp\"; \/\/ leave this as \"jsonp\" for a plain-javascript implementation --OR-- if using a php\/asp.net\/java implementation, one of the ULAP scripts: \"ulap.php\", \"ulap.aspx\", \"ulap.jsp\", in such case you must download the advanced integration Planyo files from http:\/\/www.planyo.com\/Plugins\/PlanyoFiles\/planyo-files.zip\nvar planyo_use_https=true; \/\/ set this to true if embedding planyo on a secure website (SSL)\nvar planyo_files_location=(planyo_use_https ? \"https\" : \"http\") + ':\/\/www.planyo.com\/Plugins\/PlanyoFiles'; \/\/ relative or absolute directory where the planyo files are kept (leave unchanged for plain-javascript implementation, otherwise e.g. '\/planyo-files' when using the ULAP scripts)\nvar empty_mode=false; \/\/ should be always set to false\n<\/script><\/p>\n","protected":false},"excerpt":{"rendered":"","protected":false},"author":1,"featured_media":0,"parent":0,"menu_order":0,"comment_status":"closed","ping_status":"closed","template":"","meta":{"footnotes":""},"class_list":["post-54","page","type-page","status-publish","hentry"],"yoast_head":"<!-- This site is optimized with the Yoast SEO plugin v27.5 - https:\/\/yoast.com\/product\/yoast-seo-wordpress\/ -->\n<title>R\u00e9servation - Roseville Escape<\/title>\n<meta name=\"description\" content=\"R\u00e9server une salle sous le th\u00e8me du chocolat, de la nature ou immergez-vous dans une f\u00eate foraine. Venez en \u00e9quipe de 2 \u00e0 6 personnes.\" \/>\n<meta name=\"robots\" content=\"index, follow, max-snippet:-1, max-image-preview:large, max-video-preview:-1\" \/>\n<link rel=\"canonical\" href=\"https:\/\/roseville.ch\/en\/reservation\/\" \/>\n<meta property=\"og:locale\" content=\"en_US\" \/>\n<meta property=\"og:type\" content=\"article\" \/>\n<meta property=\"og:title\" content=\"R\u00e9servation - Roseville Escape\" \/>\n<meta property=\"og:description\" content=\"R\u00e9server une salle sous le th\u00e8me du chocolat, de la nature ou immergez-vous dans une f\u00eate foraine. Venez en \u00e9quipe de 2 \u00e0 6 personnes.\" \/>\n<meta property=\"og:url\" content=\"https:\/\/roseville.ch\/en\/reservation\/\" \/>\n<meta property=\"og:site_name\" content=\"Roseville Escape\" \/>\n<meta property=\"article:publisher\" content=\"https:\/\/www.facebook.com\/rosevilleescape\/\" \/>\n<meta property=\"article:modified_time\" content=\"2024-07-09T16:58:11+00:00\" \/>\n<meta name=\"twitter:card\" content=\"summary_large_image\" \/>\n<meta name=\"twitter:site\" content=\"@RosevilleEscape\" \/>\n<meta name=\"twitter:label1\" content=\"Est. reading time\" \/>\n\t<meta name=\"twitter:data1\" content=\"1 minute\" \/>\n<script type=\"application\/ld+json\" class=\"yoast-schema-graph\">{\"@context\":\"https:\\\/\\\/schema.org\",\"@graph\":[{\"@type\":\"WebPage\",\"@id\":\"https:\\\/\\\/roseville.ch\\\/reservation\\\/\",\"url\":\"https:\\\/\\\/roseville.ch\\\/reservation\\\/\",\"name\":\"R\u00e9servation - Roseville Escape\",\"isPartOf\":{\"@id\":\"https:\\\/\\\/roseville.ch\\\/#website\"},\"datePublished\":\"2024-03-09T07:23:29+00:00\",\"dateModified\":\"2024-07-09T16:58:11+00:00\",\"description\":\"R\u00e9server une salle sous le th\u00e8me du chocolat, de la nature ou immergez-vous dans une f\u00eate foraine. Venez en \u00e9quipe de 2 \u00e0 6 personnes.\",\"breadcrumb\":{\"@id\":\"https:\\\/\\\/roseville.ch\\\/reservation\\\/#breadcrumb\"},\"inLanguage\":\"en-US\",\"potentialAction\":[{\"@type\":\"ReadAction\",\"target\":[\"https:\\\/\\\/roseville.ch\\\/reservation\\\/\"]}]},{\"@type\":\"BreadcrumbList\",\"@id\":\"https:\\\/\\\/roseville.ch\\\/reservation\\\/#breadcrumb\",\"itemListElement\":[{\"@type\":\"ListItem\",\"position\":1,\"name\":\"Home\",\"item\":\"https:\\\/\\\/roseville.ch\\\/\"},{\"@type\":\"ListItem\",\"position\":2,\"name\":\"R\u00e9servation\"}]},{\"@type\":\"WebSite\",\"@id\":\"https:\\\/\\\/roseville.ch\\\/#website\",\"url\":\"https:\\\/\\\/roseville.ch\\\/\",\"name\":\"Roseville Escape\",\"description\":\"Escape room pr\u00e8s de Vevey\",\"publisher\":{\"@id\":\"https:\\\/\\\/roseville.ch\\\/#organization\"},\"potentialAction\":[{\"@type\":\"SearchAction\",\"target\":{\"@type\":\"EntryPoint\",\"urlTemplate\":\"https:\\\/\\\/roseville.ch\\\/?s={search_term_string}\"},\"query-input\":{\"@type\":\"PropertyValueSpecification\",\"valueRequired\":true,\"valueName\":\"search_term_string\"}}],\"inLanguage\":\"en-US\"},{\"@type\":\"Organization\",\"@id\":\"https:\\\/\\\/roseville.ch\\\/#organization\",\"name\":\"Roseville Escape\",\"url\":\"https:\\\/\\\/roseville.ch\\\/\",\"logo\":{\"@type\":\"ImageObject\",\"inLanguage\":\"en-US\",\"@id\":\"https:\\\/\\\/roseville.ch\\\/#\\\/schema\\\/logo\\\/image\\\/\",\"url\":\"https:\\\/\\\/roseville.ch\\\/wp-content\\\/uploads\\\/2025\\\/01\\\/cropped-red-logo.png\",\"contentUrl\":\"https:\\\/\\\/roseville.ch\\\/wp-content\\\/uploads\\\/2025\\\/01\\\/cropped-red-logo.png\",\"width\":512,\"height\":512,\"caption\":\"Roseville Escape\"},\"image\":{\"@id\":\"https:\\\/\\\/roseville.ch\\\/#\\\/schema\\\/logo\\\/image\\\/\"},\"sameAs\":[\"https:\\\/\\\/www.facebook.com\\\/rosevilleescape\\\/\",\"https:\\\/\\\/x.com\\\/RosevilleEscape\",\"https:\\\/\\\/www.instagram.com\\\/roseville_escape\\\/\",\"https:\\\/\\\/www.youtube.com\\\/channel\\\/UCNq0gAc1oAZnBeBmyZQBaMw\"]}]}<\/script>\n<!-- \/ Yoast SEO plugin. -->","yoast_head_json":{"title":"R\u00e9servation - Roseville Escape","description":"R\u00e9server une salle sous le th\u00e8me du chocolat, de la nature ou immergez-vous dans une f\u00eate foraine. Venez en \u00e9quipe de 2 \u00e0 6 personnes.","robots":{"index":"index","follow":"follow","max-snippet":"max-snippet:-1","max-image-preview":"max-image-preview:large","max-video-preview":"max-video-preview:-1"},"canonical":"https:\/\/roseville.ch\/en\/reservation\/","og_locale":"en_US","og_type":"article","og_title":"R\u00e9servation - Roseville Escape","og_description":"R\u00e9server une salle sous le th\u00e8me du chocolat, de la nature ou immergez-vous dans une f\u00eate foraine. Venez en \u00e9quipe de 2 \u00e0 6 personnes.","og_url":"https:\/\/roseville.ch\/en\/reservation\/","og_site_name":"Roseville Escape","article_publisher":"https:\/\/www.facebook.com\/rosevilleescape\/","article_modified_time":"2024-07-09T16:58:11+00:00","twitter_card":"summary_large_image","twitter_site":"@RosevilleEscape","twitter_misc":{"Est. reading time":"1 minute"},"schema":{"@context":"https:\/\/schema.org","@graph":[{"@type":"WebPage","@id":"https:\/\/roseville.ch\/reservation\/","url":"https:\/\/roseville.ch\/reservation\/","name":"R\u00e9servation - Roseville Escape","isPartOf":{"@id":"https:\/\/roseville.ch\/#website"},"datePublished":"2024-03-09T07:23:29+00:00","dateModified":"2024-07-09T16:58:11+00:00","description":"R\u00e9server une salle sous le th\u00e8me du chocolat, de la nature ou immergez-vous dans une f\u00eate foraine. Venez en \u00e9quipe de 2 \u00e0 6 personnes.","breadcrumb":{"@id":"https:\/\/roseville.ch\/reservation\/#breadcrumb"},"inLanguage":"en-US","potentialAction":[{"@type":"ReadAction","target":["https:\/\/roseville.ch\/reservation\/"]}]},{"@type":"BreadcrumbList","@id":"https:\/\/roseville.ch\/reservation\/#breadcrumb","itemListElement":[{"@type":"ListItem","position":1,"name":"Home","item":"https:\/\/roseville.ch\/"},{"@type":"ListItem","position":2,"name":"R\u00e9servation"}]},{"@type":"WebSite","@id":"https:\/\/roseville.ch\/#website","url":"https:\/\/roseville.ch\/","name":"Roseville Escape","description":"Escape room pr\u00e8s de Vevey","publisher":{"@id":"https:\/\/roseville.ch\/#organization"},"potentialAction":[{"@type":"SearchAction","target":{"@type":"EntryPoint","urlTemplate":"https:\/\/roseville.ch\/?s={search_term_string}"},"query-input":{"@type":"PropertyValueSpecification","valueRequired":true,"valueName":"search_term_string"}}],"inLanguage":"en-US"},{"@type":"Organization","@id":"https:\/\/roseville.ch\/#organization","name":"Roseville Escape","url":"https:\/\/roseville.ch\/","logo":{"@type":"ImageObject","inLanguage":"en-US","@id":"https:\/\/roseville.ch\/#\/schema\/logo\/image\/","url":"https:\/\/roseville.ch\/wp-content\/uploads\/2025\/01\/cropped-red-logo.png","contentUrl":"https:\/\/roseville.ch\/wp-content\/uploads\/2025\/01\/cropped-red-logo.png","width":512,"height":512,"caption":"Roseville Escape"},"image":{"@id":"https:\/\/roseville.ch\/#\/schema\/logo\/image\/"},"sameAs":["https:\/\/www.facebook.com\/rosevilleescape\/","https:\/\/x.com\/RosevilleEscape","https:\/\/www.instagram.com\/roseville_escape\/","https:\/\/www.youtube.com\/channel\/UCNq0gAc1oAZnBeBmyZQBaMw"]}]}},"_links":{"self":[{"href":"https:\/\/roseville.ch\/en\/wp-json\/wp\/v2\/pages\/54","targetHints":{"allow":["GET"]}}],"collection":[{"href":"https:\/\/roseville.ch\/en\/wp-json\/wp\/v2\/pages"}],"about":[{"href":"https:\/\/roseville.ch\/en\/wp-json\/wp\/v2\/types\/page"}],"author":[{"embeddable":true,"href":"https:\/\/roseville.ch\/en\/wp-json\/wp\/v2\/users\/1"}],"replies":[{"embeddable":true,"href":"https:\/\/roseville.ch\/en\/wp-json\/wp\/v2\/comments?post=54"}],"version-history":[{"count":0,"href":"https:\/\/roseville.ch\/en\/wp-json\/wp\/v2\/pages\/54\/revisions"}],"wp:attachment":[{"href":"https:\/\/roseville.ch\/en\/wp-json\/wp\/v2\/media?parent=54"}],"curies":[{"name":"wp","href":"https:\/\/api.w.org\/{rel}","templated":true}]}}