{"id":202,"date":"2024-06-23T13:14:51","date_gmt":"2024-06-23T11:14:51","guid":{"rendered":"https:\/\/roseville.ch\/?page_id=202"},"modified":"2024-07-09T18:26:24","modified_gmt":"2024-07-09T16:26:24","slug":"contact","status":"publish","type":"page","link":"https:\/\/roseville.ch\/en\/contact\/","title":{"rendered":"Contact"},"content":{"rendered":"\n<p>N&rsquo;h\u00e9sitez pas \u00e0 nous contacter. Nous serons ravis de vous r\u00e9pondre dans les plus brefs d\u00e9lais.<\/p>\n\n\n<div class=\"wpforms-container wpforms-container-full wpforms-block wpforms-block-d0ffca4e-12ed-4ba7-bdab-d8ae5c60b9d6 wpforms-render-modern\" id=\"wpforms-206\"><form id=\"wpforms-form-206\" class=\"wpforms-validate wpforms-form wpforms-ajax-form\" data-formid=\"206\" method=\"post\" enctype=\"multipart\/form-data\" action=\"\/en\/wp-json\/wp\/v2\/pages\/202\" data-token=\"63e705718e40f0fd6d10c7646be76208\" data-token-time=\"1776444348\"><noscript class=\"wpforms-error-noscript\">Please enable JavaScript in your browser to complete this form.<\/noscript><div id=\"wpforms-error-noscript\" style=\"display: none;\">Please enable JavaScript in your browser to complete this form.<\/div><div class=\"wpforms-field-container\"><div id=\"wpforms-206-field_0-container\" class=\"wpforms-field wpforms-field-name\" data-field-id=\"0\"><fieldset><legend class=\"wpforms-field-label\">Name <span class=\"wpforms-required-label\" aria-hidden=\"true\">*<\/span><\/legend><div class=\"wpforms-field-row wpforms-field-medium\"><div class=\"wpforms-field-row-block wpforms-first wpforms-one-half\"><input type=\"text\" id=\"wpforms-206-field_0\" class=\"wpforms-field-name-first wpforms-field-required\" name=\"wpforms[fields][0][first]\" placeholder=\"Pr\u00e9nom\" aria-errormessage=\"wpforms-206-field_0-error\" required><label for=\"wpforms-206-field_0\" class=\"wpforms-field-sublabel after\">First<\/label><\/div><div class=\"wpforms-field-row-block wpforms-one-half\"><input type=\"text\" id=\"wpforms-206-field_0-last\" class=\"wpforms-field-name-last wpforms-field-required\" name=\"wpforms[fields][0][last]\" placeholder=\"Nom\" aria-errormessage=\"wpforms-206-field_0-last-error\" required><label for=\"wpforms-206-field_0-last\" class=\"wpforms-field-sublabel after\">Last<\/label><\/div><\/div><\/fieldset><\/div><div id=\"wpforms-206-field_1-container\" class=\"wpforms-field wpforms-field-email\" data-field-id=\"1\"><label class=\"wpforms-field-label\" for=\"wpforms-206-field_1\">Email <span class=\"wpforms-required-label\" aria-hidden=\"true\">*<\/span><\/label><input type=\"email\" id=\"wpforms-206-field_1\" class=\"wpforms-field-medium wpforms-field-required\" name=\"wpforms[fields][1]\" spellcheck=\"false\" aria-errormessage=\"wpforms-206-field_1-error\" required><\/div><div id=\"wpforms-206-field_3-container\" class=\"wpforms-field wpforms-field-text\" data-field-id=\"3\"><label class=\"wpforms-field-label\" for=\"wpforms-206-field_3\">T\u00e9l\u00e9phone<\/label><input type=\"text\" id=\"wpforms-206-field_3\" class=\"wpforms-field-medium\" name=\"wpforms[fields][3]\" aria-errormessage=\"wpforms-206-field_3-error\" ><\/div><div id=\"wpforms-206-field_2-container\" class=\"wpforms-field wpforms-field-textarea\" data-field-id=\"2\"><label class=\"wpforms-field-label\" for=\"wpforms-206-field_2\">Votre message <span class=\"wpforms-required-label\" aria-hidden=\"true\">*<\/span><\/label><textarea id=\"wpforms-206-field_2\" class=\"wpforms-field-medium wpforms-field-required\" name=\"wpforms[fields][2]\" aria-errormessage=\"wpforms-206-field_2-error\" required><\/textarea><\/div><\/div><!-- .wpforms-field-container --><div class=\"wpforms-recaptcha-container wpforms-is-hcaptcha\" ><div class=\"h-captcha\" data-sitekey=\"8a760238-362c-4b18-b358-ed5ab9acb578\"><\/div><input type=\"text\" name=\"g-recaptcha-hidden\" class=\"wpforms-recaptcha-hidden\" style=\"position:absolute!important;clip:rect(0,0,0,0)!important;height:1px!important;width:1px!important;border:0!important;overflow:hidden!important;padding:0!important;margin:0!important;\" data-rule-hcaptcha=\"1\"><\/div><div class=\"wpforms-submit-container\" ><input type=\"hidden\" name=\"wpforms[id]\" value=\"206\"><input type=\"hidden\" name=\"page_title\" value=\"\"><input type=\"hidden\" name=\"page_url\" value=\"https:\/\/roseville.ch\/en\/wp-json\/wp\/v2\/pages\/202\"><input type=\"hidden\" name=\"url_referer\" value=\"\"><button type=\"submit\" name=\"wpforms[submit]\" id=\"wpforms-submit-206\" class=\"wpforms-submit\" data-alt-text=\"Envoi en cours ...\" data-submit-text=\"Envoyer\" aria-live=\"assertive\" value=\"wpforms-submit\">Envoyer<\/button><img loading=\"lazy\" decoding=\"async\" src=\"https:\/\/roseville.ch\/wp-content\/plugins\/wpforms-lite\/assets\/images\/submit-spin.svg\" class=\"wpforms-submit-spinner\" style=\"display: none;\" width=\"26\" height=\"26\" alt=\"Loading\"><\/div><\/form><\/div>  <!-- .wpforms-container -->\n\n\n<hr class=\"wp-block-separator has-alpha-channel-opacity\"\/>\n\n\n\n<h2 class=\"wp-block-heading\">Adresse<\/h2>\n\n\n\n<p>Roseville Escape<br><a href=\"https:\/\/maps.app.goo.gl\/S642hnCV23SAuLu2A\" target=\"_blank\" rel=\"noreferrer noopener\">route de Lavaux 44<br>1802 Corseaux<\/a><\/p>\n\n\n\n<p>\ud83d\udc49\ud83d\udc49\ud83d\udc49 Attention&nbsp;de&nbsp;bien&nbsp;utiliser&nbsp;ce&nbsp;guidage,&nbsp;certains op\u00e9rateurs&nbsp;utilisant&nbsp;encore&nbsp;une&nbsp;ancienne&nbsp;localisation\u2026 \ud83d\udc48\ud83d\udc48\ud83d\udc48<\/p>\n\n\n\n<div class=\"wp-block-columns is-layout-flex wp-container-core-columns-is-layout-28f84493 wp-block-columns-is-layout-flex\">\n<div class=\"wp-block-column is-layout-flow wp-block-column-is-layout-flow\" style=\"flex-basis:100%\">\n<div class=\"wp-block-group has-global-padding is-layout-constrained wp-block-group-is-layout-constrained\">\n<iframe src=\"https:\/\/www.google.com\/maps\/embed?pb=!1m18!1m12!1m3!1d408.47609418045977!2d6.813619934011588!3d46.470713202236816!2m3!1f0!2f0!3f0!3m2!1i1024!2i768!4f13.1!3m3!1m2!1s0x478e82ca42896d73%3A0x5c5a1b03a4fa2a72!2sRoseville%20Escape%20Room!5e0!3m2!1sfr!2sch!4v1719134645454!5m2!1sfr!2sch\" width=\"100%\" height=\"450\" style=\"border:0;\" allowfullscreen=\"\" loading=\"lazy\" referrerpolicy=\"no-referrer-when-downgrade\"><\/iframe>\n<\/div>\n<\/div>\n<\/div>\n\n\n\n<h4 class=\"wp-block-heading\">Transport public<\/h4>\n\n\n\n<p>Roseville Escape Room est desservi par les bus VMCV de la ligne 211 \u00e0 partir de la gare de Vevey. L\u2019arr\u00eat le plus proche \u201cGonelles\u201d est situ\u00e9 \u00e0 environ 100 m. Vous pouvez consulter les horaires&nbsp;<a href=\"https:\/\/www.vmcv.ch\/\" target=\"_blank\" rel=\"noreferrer noopener\">sur le site du VMCV<\/a> ou \u00e0 l&rsquo;aide de <a href=\"https:\/\/maps.app.goo.gl\/EftdimY83LCM8PJRA\">Google Maps<\/a><\/p>\n\n\n\n<h4 class=\"wp-block-heading\">Parking<\/h4>\n\n\n\n<p>Il y a quelques places devant la porte d\u2019entr\u00e9e. Sinon, si vous arrivez de Vevey, merci de vous garer sur l\u2019herbe le long du trottoir en arrivant au n\u00b044. En provenance de Lausanne, le plus simple est de vous stationner aux abords du&nbsp;<a href=\"https:\/\/maps.app.goo.gl\/kBdZGrx8RBTLwLyF7\" target=\"_blank\" rel=\"noreferrer noopener\">camping de la Pichette (lien Google maps).<\/a><\/p>\n","protected":false},"excerpt":{"rendered":"<p>N&rsquo;h\u00e9sitez pas \u00e0 nous contacter. Nous serons ravis de vous r\u00e9pondre dans les plus brefs d\u00e9lais. Adresse Roseville Escaperoute de Lavaux 441802 Corseaux \ud83d\udc49\ud83d\udc49\ud83d\udc49 Attention&nbsp;de&nbsp;bien&nbsp;utiliser&nbsp;ce&nbsp;guidage,&nbsp;certains op\u00e9rateurs&nbsp;utilisant&nbsp;encore&nbsp;une&nbsp;ancienne&nbsp;localisation\u2026 \ud83d\udc48\ud83d\udc48\ud83d\udc48 Transport public Roseville Escape Room est desservi par les bus VMCV de la ligne 211 \u00e0 partir de la gare de Vevey. L\u2019arr\u00eat le plus proche \u201cGonelles\u201d est [&hellip;]<\/p>\n","protected":false},"author":1,"featured_media":0,"parent":0,"menu_order":0,"comment_status":"closed","ping_status":"closed","template":"","meta":{"footnotes":""},"class_list":["post-202","page","type-page","status-publish","hentry"],"yoast_head":"<!-- This site is optimized with the Yoast SEO plugin v27.4 - https:\/\/yoast.com\/product\/yoast-seo-wordpress\/ -->\n<title>Contact - Roseville Escape<\/title>\n<meta name=\"description\" content=\"N&#039;h\u00e9sitez pas \u00e0 nous contacter. Nous serons ravis de vous r\u00e9pondre dans les plus brefs d\u00e9lais. D\u00e9couvrez comment venir chez nous.\" \/>\n<meta name=\"robots\" content=\"index, follow, max-snippet:-1, max-image-preview:large, max-video-preview:-1\" \/>\n<link rel=\"canonical\" href=\"https:\/\/roseville.ch\/en\/contact\/\" \/>\n<meta property=\"og:locale\" content=\"en_US\" \/>\n<meta property=\"og:type\" content=\"article\" \/>\n<meta property=\"og:title\" content=\"Contact - Roseville Escape\" \/>\n<meta property=\"og:description\" content=\"N&#039;h\u00e9sitez pas \u00e0 nous contacter. Nous serons ravis de vous r\u00e9pondre dans les plus brefs d\u00e9lais. D\u00e9couvrez comment venir chez nous.\" \/>\n<meta property=\"og:url\" content=\"https:\/\/roseville.ch\/en\/contact\/\" \/>\n<meta property=\"og:site_name\" content=\"Roseville Escape\" \/>\n<meta property=\"article:publisher\" content=\"https:\/\/www.facebook.com\/rosevilleescape\/\" \/>\n<meta property=\"article:modified_time\" content=\"2024-07-09T16:26:24+00:00\" \/>\n<meta name=\"twitter:card\" content=\"summary_large_image\" \/>\n<meta name=\"twitter:site\" content=\"@RosevilleEscape\" \/>\n<meta name=\"twitter:label1\" content=\"Est. reading time\" \/>\n\t<meta name=\"twitter:data1\" content=\"1 minute\" \/>\n<script type=\"application\/ld+json\" class=\"yoast-schema-graph\">{\"@context\":\"https:\\\/\\\/schema.org\",\"@graph\":[{\"@type\":\"WebPage\",\"@id\":\"https:\\\/\\\/roseville.ch\\\/contact\\\/\",\"url\":\"https:\\\/\\\/roseville.ch\\\/contact\\\/\",\"name\":\"Contact - Roseville Escape\",\"isPartOf\":{\"@id\":\"https:\\\/\\\/roseville.ch\\\/#website\"},\"datePublished\":\"2024-06-23T11:14:51+00:00\",\"dateModified\":\"2024-07-09T16:26:24+00:00\",\"description\":\"N'h\u00e9sitez pas \u00e0 nous contacter. Nous serons ravis de vous r\u00e9pondre dans les plus brefs d\u00e9lais. D\u00e9couvrez comment venir chez nous.\",\"breadcrumb\":{\"@id\":\"https:\\\/\\\/roseville.ch\\\/contact\\\/#breadcrumb\"},\"inLanguage\":\"en-US\",\"potentialAction\":[{\"@type\":\"ReadAction\",\"target\":[\"https:\\\/\\\/roseville.ch\\\/contact\\\/\"]}]},{\"@type\":\"BreadcrumbList\",\"@id\":\"https:\\\/\\\/roseville.ch\\\/contact\\\/#breadcrumb\",\"itemListElement\":[{\"@type\":\"ListItem\",\"position\":1,\"name\":\"Home\",\"item\":\"https:\\\/\\\/roseville.ch\\\/\"},{\"@type\":\"ListItem\",\"position\":2,\"name\":\"Contact\"}]},{\"@type\":\"WebSite\",\"@id\":\"https:\\\/\\\/roseville.ch\\\/#website\",\"url\":\"https:\\\/\\\/roseville.ch\\\/\",\"name\":\"Roseville Escape\",\"description\":\"Escape room pr\u00e8s de Vevey\",\"publisher\":{\"@id\":\"https:\\\/\\\/roseville.ch\\\/#organization\"},\"potentialAction\":[{\"@type\":\"SearchAction\",\"target\":{\"@type\":\"EntryPoint\",\"urlTemplate\":\"https:\\\/\\\/roseville.ch\\\/?s={search_term_string}\"},\"query-input\":{\"@type\":\"PropertyValueSpecification\",\"valueRequired\":true,\"valueName\":\"search_term_string\"}}],\"inLanguage\":\"en-US\"},{\"@type\":\"Organization\",\"@id\":\"https:\\\/\\\/roseville.ch\\\/#organization\",\"name\":\"Roseville Escape\",\"url\":\"https:\\\/\\\/roseville.ch\\\/\",\"logo\":{\"@type\":\"ImageObject\",\"inLanguage\":\"en-US\",\"@id\":\"https:\\\/\\\/roseville.ch\\\/#\\\/schema\\\/logo\\\/image\\\/\",\"url\":\"https:\\\/\\\/roseville.ch\\\/wp-content\\\/uploads\\\/2025\\\/01\\\/cropped-red-logo.png\",\"contentUrl\":\"https:\\\/\\\/roseville.ch\\\/wp-content\\\/uploads\\\/2025\\\/01\\\/cropped-red-logo.png\",\"width\":512,\"height\":512,\"caption\":\"Roseville Escape\"},\"image\":{\"@id\":\"https:\\\/\\\/roseville.ch\\\/#\\\/schema\\\/logo\\\/image\\\/\"},\"sameAs\":[\"https:\\\/\\\/www.facebook.com\\\/rosevilleescape\\\/\",\"https:\\\/\\\/x.com\\\/RosevilleEscape\",\"https:\\\/\\\/www.instagram.com\\\/roseville_escape\\\/\",\"https:\\\/\\\/www.youtube.com\\\/channel\\\/UCNq0gAc1oAZnBeBmyZQBaMw\"]}]}<\/script>\n<!-- \/ Yoast SEO plugin. -->","yoast_head_json":{"title":"Contact - Roseville Escape","description":"N'h\u00e9sitez pas \u00e0 nous contacter. Nous serons ravis de vous r\u00e9pondre dans les plus brefs d\u00e9lais. D\u00e9couvrez comment venir chez nous.","robots":{"index":"index","follow":"follow","max-snippet":"max-snippet:-1","max-image-preview":"max-image-preview:large","max-video-preview":"max-video-preview:-1"},"canonical":"https:\/\/roseville.ch\/en\/contact\/","og_locale":"en_US","og_type":"article","og_title":"Contact - Roseville Escape","og_description":"N'h\u00e9sitez pas \u00e0 nous contacter. Nous serons ravis de vous r\u00e9pondre dans les plus brefs d\u00e9lais. D\u00e9couvrez comment venir chez nous.","og_url":"https:\/\/roseville.ch\/en\/contact\/","og_site_name":"Roseville Escape","article_publisher":"https:\/\/www.facebook.com\/rosevilleescape\/","article_modified_time":"2024-07-09T16:26:24+00:00","twitter_card":"summary_large_image","twitter_site":"@RosevilleEscape","twitter_misc":{"Est. reading time":"1 minute"},"schema":{"@context":"https:\/\/schema.org","@graph":[{"@type":"WebPage","@id":"https:\/\/roseville.ch\/contact\/","url":"https:\/\/roseville.ch\/contact\/","name":"Contact - Roseville Escape","isPartOf":{"@id":"https:\/\/roseville.ch\/#website"},"datePublished":"2024-06-23T11:14:51+00:00","dateModified":"2024-07-09T16:26:24+00:00","description":"N'h\u00e9sitez pas \u00e0 nous contacter. Nous serons ravis de vous r\u00e9pondre dans les plus brefs d\u00e9lais. D\u00e9couvrez comment venir chez nous.","breadcrumb":{"@id":"https:\/\/roseville.ch\/contact\/#breadcrumb"},"inLanguage":"en-US","potentialAction":[{"@type":"ReadAction","target":["https:\/\/roseville.ch\/contact\/"]}]},{"@type":"BreadcrumbList","@id":"https:\/\/roseville.ch\/contact\/#breadcrumb","itemListElement":[{"@type":"ListItem","position":1,"name":"Home","item":"https:\/\/roseville.ch\/"},{"@type":"ListItem","position":2,"name":"Contact"}]},{"@type":"WebSite","@id":"https:\/\/roseville.ch\/#website","url":"https:\/\/roseville.ch\/","name":"Roseville Escape","description":"Escape room pr\u00e8s de Vevey","publisher":{"@id":"https:\/\/roseville.ch\/#organization"},"potentialAction":[{"@type":"SearchAction","target":{"@type":"EntryPoint","urlTemplate":"https:\/\/roseville.ch\/?s={search_term_string}"},"query-input":{"@type":"PropertyValueSpecification","valueRequired":true,"valueName":"search_term_string"}}],"inLanguage":"en-US"},{"@type":"Organization","@id":"https:\/\/roseville.ch\/#organization","name":"Roseville Escape","url":"https:\/\/roseville.ch\/","logo":{"@type":"ImageObject","inLanguage":"en-US","@id":"https:\/\/roseville.ch\/#\/schema\/logo\/image\/","url":"https:\/\/roseville.ch\/wp-content\/uploads\/2025\/01\/cropped-red-logo.png","contentUrl":"https:\/\/roseville.ch\/wp-content\/uploads\/2025\/01\/cropped-red-logo.png","width":512,"height":512,"caption":"Roseville Escape"},"image":{"@id":"https:\/\/roseville.ch\/#\/schema\/logo\/image\/"},"sameAs":["https:\/\/www.facebook.com\/rosevilleescape\/","https:\/\/x.com\/RosevilleEscape","https:\/\/www.instagram.com\/roseville_escape\/","https:\/\/www.youtube.com\/channel\/UCNq0gAc1oAZnBeBmyZQBaMw"]}]}},"_links":{"self":[{"href":"https:\/\/roseville.ch\/en\/wp-json\/wp\/v2\/pages\/202","targetHints":{"allow":["GET"]}}],"collection":[{"href":"https:\/\/roseville.ch\/en\/wp-json\/wp\/v2\/pages"}],"about":[{"href":"https:\/\/roseville.ch\/en\/wp-json\/wp\/v2\/types\/page"}],"author":[{"embeddable":true,"href":"https:\/\/roseville.ch\/en\/wp-json\/wp\/v2\/users\/1"}],"replies":[{"embeddable":true,"href":"https:\/\/roseville.ch\/en\/wp-json\/wp\/v2\/comments?post=202"}],"version-history":[{"count":0,"href":"https:\/\/roseville.ch\/en\/wp-json\/wp\/v2\/pages\/202\/revisions"}],"wp:attachment":[{"href":"https:\/\/roseville.ch\/en\/wp-json\/wp\/v2\/media?parent=202"}],"curies":[{"name":"wp","href":"https:\/\/api.w.org\/{rel}","templated":true}]}}