{"id":138,"date":"2024-03-29T13:37:45","date_gmt":"2024-03-29T12:37:45","guid":{"rendered":"https:\/\/roseville.ch\/?page_id=138"},"modified":"2025-10-11T14:57:10","modified_gmt":"2025-10-11T12:57:10","slug":"nos-salles","status":"publish","type":"page","link":"https:\/\/roseville.ch\/en\/nos-salles\/","title":{"rendered":"Our rooms"},"content":{"rendered":"<p>All our rooms are crafted by our team with special attention to high-quality and original decor. Plus, our puzzles are designed to surprise and captivate you.<\/p>\n\n\n\n<h2 class=\"wp-block-heading is-style-default\" id=\"chocolat\">Chocolate<\/h2>\n\n\n\n<div class=\"wp-block-columns is-layout-flex wp-container-core-columns-is-layout-28f84493 wp-block-columns-is-layout-flex\">\n<div class=\"wp-block-column is-layout-flow wp-block-column-is-layout-flow\" style=\"flex-basis:33.33%\">\n<p>A computer bug destroyed all the knowledge stored on the internet, including a famous chocolate recipe. You are committed to go back in time to find it. But be careful, staying too long in space time can be dangerous.<\/p>\n\n\n\n<figure class=\"wp-block-video\"><video height=\"720\" style=\"aspect-ratio: 1280 \/ 720;\" width=\"1280\" controls loop src=\"https:\/\/roseville.ch\/wp-content\/uploads\/2024\/06\/clip-chocolat.mp4\" playsinline><\/video><\/figure>\n<\/div>\n\n\n\n<div class=\"wp-block-column is-layout-flow wp-block-column-is-layout-flow\" style=\"flex-basis:66.66%\"><div ><style>#sp-ea-279 .spcollapsing { height: 0; overflow: hidden; transition-property: height;transition-duration: 300ms;}#sp-ea-279.sp-easy-accordion>.sp-ea-single {margin-bottom: 0px; border: 1px solid rgba(226,226,226,0.16); }#sp-ea-279.sp-easy-accordion>.sp-ea-single>.ea-header a {color: #444;}#sp-ea-279.sp-easy-accordion>.sp-ea-single>.sp-collapse>.ea-body {background: #fff; color: #444;}#sp-ea-279.sp-easy-accordion>.sp-ea-single {background: #eee;}#sp-ea-279.sp-easy-accordion>.sp-ea-single>.ea-header a .ea-expand-icon { float: left; color: #444;font-size: 16px;}<\/style><div id=\"sp_easy_accordion-1720110312\"><div id=\"sp-ea-279\" class=\"sp-ea-one sp-easy-accordion\" data-ea-active=\"ea-click\" data-ea-mode=\"vertical\" data-preloader=\"\" data-scroll-active-item=\"\" data-offset-to-scroll=\"0\"><div class=\"ea-card ea-expand sp-ea-single\"><h3 class=\"ea-header\"><a class=\"collapsed\" id=\"ea-header-2790\" role=\"button\" data-sptoggle=\"spcollapse\" data-sptarget=\"#collapse2790\" aria-controls=\"collapse2790\" href=\"#\" aria-expanded=\"true\" tabindex=\"0\"><i aria-hidden=\"true\" role=\"presentation\" class=\"ea-expand-icon eap-icon-ea-expand-minus\"><\/i> Chocolate<\/a><\/h3><div class=\"sp-collapse spcollapse collapsed show\" id=\"collapse2790\" data-parent=\"#sp-ea-279\" role=\"region\" aria-labelledby=\"ea-header-2790\"> <div class=\"ea-body\"><p><img loading=\"lazy\" decoding=\"async\" class=\"aligncenter wp-image-180 size-medium\" src=\"https:\/\/roseville.ch\/wp-content\/uploads\/2024\/06\/chocolat-300x225.jpg\" alt=\"\" width=\"300\" height=\"225\" srcset=\"https:\/\/roseville.ch\/wp-content\/uploads\/2024\/06\/chocolat-300x225.jpg 300w, https:\/\/roseville.ch\/wp-content\/uploads\/2024\/06\/chocolat-1024x768.jpg 1024w, https:\/\/roseville.ch\/wp-content\/uploads\/2024\/06\/chocolat-768x576.jpg 768w, https:\/\/roseville.ch\/wp-content\/uploads\/2024\/06\/chocolat-1536x1151.jpg 1536w, https:\/\/roseville.ch\/wp-content\/uploads\/2024\/06\/chocolat-2048x1535.jpg 2048w, https:\/\/roseville.ch\/wp-content\/uploads\/2024\/06\/chocolat-16x12.jpg 16w\" sizes=\"auto, (max-width: 300px) 100vw, 300px\" \/><\/p><\/div><\/div><\/div><div class=\"ea-card sp-ea-single\"><h3 class=\"ea-header\"><a class=\"collapsed\" id=\"ea-header-2791\" role=\"button\" data-sptoggle=\"spcollapse\" data-sptarget=\"#collapse2791\" aria-controls=\"collapse2791\" href=\"#\" aria-expanded=\"false\" tabindex=\"0\"><i aria-hidden=\"true\" role=\"presentation\" class=\"ea-expand-icon eap-icon-ea-expand-plus\"><\/i> Read the story...<\/a><\/h3><div class=\"sp-collapse spcollapse\" id=\"collapse2791\" data-parent=\"#sp-ea-279\" role=\"region\" aria-labelledby=\"ea-header-2791\"> <div class=\"ea-body\"><div><div>In an alternate world, in 2021, a bug on a planetary scale destroyed all the information contained on the net. However, most of the knowledge of humanity was there. An association of adventurers called Roseville, which has the power to travel through time, sets out to find these secrets by going back in time for a fee, of course. The Captain, the most experienced adventurer in Roseville, is elected to help the young heiress of a wealthy family of chocolate makers wishing to rediscover the chocolate recipe that has made the family fortune for generations. However, the latter is nowhere to be found. So it's up to you to go find the recipe and try to find out what happened to the Captain. But beware! Time travel is unstable and staying too long in the past could be fatal!<\/div><\/div><\/div><\/div><\/div><\/div><\/div><\/div><\/div>\n<\/div>\n\n\n\n<hr class=\"wp-block-separator has-text-color has-accent-2-color has-alpha-channel-opacity has-accent-2-background-color has-background is-style-wide\"\/>\n\n\n\n<h2 class=\"wp-block-heading\" id=\"serre\">Greenhouse<\/h2>\n\n\n\n<div class=\"wp-block-columns is-layout-flex wp-container-core-columns-is-layout-28f84493 wp-block-columns-is-layout-flex\">\n<div class=\"wp-block-column is-layout-flow wp-block-column-is-layout-flow\" style=\"flex-basis:33.33%\">\n<p>\u201cIn Vino Veritas\u201d modified. Following an alteration in the course of history, Lavaux is now an arid land on which only a few poor mushrooms grow laboriously. But what has become of the Lavaux vines? You must go back in time to investigate and restore the conditions that made the success of the vineyards of yesteryear.<\/p>\n\n\n\n<figure class=\"wp-block-video\"><video height=\"576\" style=\"aspect-ratio: 720 \/ 576;\" width=\"720\" controls loop src=\"https:\/\/roseville.ch\/wp-content\/uploads\/2024\/06\/Clip-La-Serre.mp4\" playsinline><\/video><\/figure>\n<\/div>\n\n\n\n<div class=\"wp-block-column is-layout-flow wp-block-column-is-layout-flow\" style=\"flex-basis:66.66%\"><div ><style>#sp-ea-281 .spcollapsing { height: 0; overflow: hidden; transition-property: height;transition-duration: 300ms;}#sp-ea-281.sp-easy-accordion>.sp-ea-single {margin-bottom: 10px; border: 1px none rgba(226,226,226,0.34); }#sp-ea-281.sp-easy-accordion>.sp-ea-single>.ea-header a {color: #444;}#sp-ea-281.sp-easy-accordion>.sp-ea-single>.sp-collapse>.ea-body {background: #fff; color: #444;}#sp-ea-281.sp-easy-accordion>.sp-ea-single {background: #eee;}#sp-ea-281.sp-easy-accordion>.sp-ea-single>.ea-header a .ea-expand-icon { float: left; color: #444;font-size: 16px;}<\/style><div id=\"sp_easy_accordion-1720111005\"><div id=\"sp-ea-281\" class=\"sp-ea-one sp-easy-accordion\" data-ea-active=\"ea-click\" data-ea-mode=\"vertical\" data-preloader=\"\" data-scroll-active-item=\"\" data-offset-to-scroll=\"0\"><div class=\"ea-card ea-expand sp-ea-single\"><h3 class=\"ea-header\"><a class=\"collapsed\" id=\"ea-header-2810\" role=\"button\" data-sptoggle=\"spcollapse\" data-sptarget=\"#collapse2810\" aria-controls=\"collapse2810\" href=\"#\" aria-expanded=\"true\" tabindex=\"0\"><i aria-hidden=\"true\" role=\"presentation\" class=\"ea-expand-icon eap-icon-ea-expand-minus\"><\/i> Greenhouse<\/a><\/h3><div class=\"sp-collapse spcollapse collapsed show\" id=\"collapse2810\" data-parent=\"#sp-ea-281\" role=\"region\" aria-labelledby=\"ea-header-2810\"> <div class=\"ea-body\"><p><img loading=\"lazy\" decoding=\"async\" class=\"aligncenter size-medium wp-image-182\" src=\"https:\/\/roseville.ch\/wp-content\/uploads\/2024\/06\/serre-300x225.jpg\" alt=\"\" width=\"300\" height=\"225\" srcset=\"https:\/\/roseville.ch\/wp-content\/uploads\/2024\/06\/serre-300x225.jpg 300w, https:\/\/roseville.ch\/wp-content\/uploads\/2024\/06\/serre-1024x768.jpg 1024w, https:\/\/roseville.ch\/wp-content\/uploads\/2024\/06\/serre-768x576.jpg 768w, https:\/\/roseville.ch\/wp-content\/uploads\/2024\/06\/serre-1536x1151.jpg 1536w, https:\/\/roseville.ch\/wp-content\/uploads\/2024\/06\/serre-2048x1535.jpg 2048w, https:\/\/roseville.ch\/wp-content\/uploads\/2024\/06\/serre-16x12.jpg 16w\" sizes=\"auto, (max-width: 300px) 100vw, 300px\" \/><\/p><\/div><\/div><\/div><div class=\"ea-card sp-ea-single\"><h3 class=\"ea-header\"><a class=\"collapsed\" id=\"ea-header-2811\" role=\"button\" data-sptoggle=\"spcollapse\" data-sptarget=\"#collapse2811\" aria-controls=\"collapse2811\" href=\"#\" aria-expanded=\"false\" tabindex=\"0\"><i aria-hidden=\"true\" role=\"presentation\" class=\"ea-expand-icon eap-icon-ea-expand-plus\"><\/i> Read the story...<\/a><\/h3><div class=\"sp-collapse spcollapse\" id=\"collapse2811\" data-parent=\"#sp-ea-281\" role=\"region\" aria-labelledby=\"ea-header-2811\"> <div class=\"ea-body\"><div><div>\u201cLavaux, a beautiful region? But what a joke! Everyone knows that nothing grows there! So grow roses or vines there, my eye! \u00bb<\/div><div>Immerse yourself in the world of Roseville, a universe not quite conventional. Here, Lavaux is just an arid and desolate land. Following the story of a historian telling us that the region was magnificent, that people came from afar to visit it, that excellent quality grapes were grown there and that Roseville was a renowned rose garden, we decided to investigate. So you immediately set off on an incredible adventure through an unusual world to discover what happened there, bring back what was stolen, and confirm that the best vines and the most beautiful flowers really grow on this fanciful soil. Are you up to it?<\/div><\/div><\/div><\/div><\/div><\/div><\/div><\/div><\/div>\n<\/div>\n\n\n\n<hr class=\"wp-block-separator has-text-color has-accent-2-color has-alpha-channel-opacity has-accent-2-background-color has-background is-style-wide\" style=\"margin-top:0;margin-bottom:0\"\/>\n\n\n\n<div class=\"wp-block-columns is-layout-flex wp-container-core-columns-is-layout-28f84493 wp-block-columns-is-layout-flex\">\n<div class=\"wp-block-column is-layout-flow wp-block-column-is-layout-flow\" style=\"flex-basis:33.33%\">\n<h2 class=\"wp-block-heading\" id=\"fete\">The Fun Fair<\/h2>\n\n\n\n<p>You are therefore responsible for going to the places of the party, to explore them, and to restore it, in order to help people find laughter and smiles!<\/p>\n\n\n\n<figure class=\"wp-block-video\"><video height=\"1080\" style=\"aspect-ratio: 1920 \/ 1080;\" width=\"1920\" controls loop src=\"https:\/\/roseville.ch\/wp-content\/uploads\/2024\/06\/Clip-Fete-Foraine-Tic-Tac-der.mp4\" playsinline><\/video><\/figure>\n<\/div>\n\n\n\n<div class=\"wp-block-column is-layout-flow wp-block-column-is-layout-flow\" style=\"flex-basis:66.66%\"><div ><style>#sp-ea-282 .spcollapsing { height: 0; overflow: hidden; transition-property: height;transition-duration: 300ms;}#sp-ea-282.sp-easy-accordion>.sp-ea-single {margin-bottom: 10px; border: 0px none #e2e2e2; }#sp-ea-282.sp-easy-accordion>.sp-ea-single>.ea-header a {color: #444;}#sp-ea-282.sp-easy-accordion>.sp-ea-single>.sp-collapse>.ea-body {background: #fff; color: #444;}#sp-ea-282.sp-easy-accordion>.sp-ea-single {background: #eee;}#sp-ea-282.sp-easy-accordion>.sp-ea-single>.ea-header a .ea-expand-icon { float: left; color: #444;font-size: 16px;}<\/style><div id=\"sp_easy_accordion-1720111075\"><div id=\"sp-ea-282\" class=\"sp-ea-one sp-easy-accordion\" data-ea-active=\"ea-click\" data-ea-mode=\"vertical\" data-preloader=\"\" data-scroll-active-item=\"\" data-offset-to-scroll=\"0\"><div class=\"ea-card ea-expand sp-ea-single\"><h3 class=\"ea-header\"><a class=\"collapsed\" id=\"ea-header-2820\" role=\"button\" data-sptoggle=\"spcollapse\" data-sptarget=\"#collapse2820\" aria-controls=\"collapse2820\" href=\"#\" aria-expanded=\"true\" tabindex=\"0\"><i aria-hidden=\"true\" role=\"presentation\" class=\"ea-expand-icon eap-icon-ea-expand-minus\"><\/i> The Fun Fair<\/a><\/h3><div class=\"sp-collapse spcollapse collapsed show\" id=\"collapse2820\" data-parent=\"#sp-ea-282\" role=\"region\" aria-labelledby=\"ea-header-2820\"> <div class=\"ea-body\"><p><img loading=\"lazy\" decoding=\"async\" class=\"aligncenter wp-image-181 size-large\" src=\"https:\/\/roseville.ch\/wp-content\/uploads\/2024\/06\/fete-foraine-768x1024.jpg\" alt=\"\" width=\"768\" height=\"1024\" srcset=\"https:\/\/roseville.ch\/wp-content\/uploads\/2024\/06\/fete-foraine-768x1025.jpg 768w, https:\/\/roseville.ch\/wp-content\/uploads\/2024\/06\/fete-foraine-225x300.jpg 225w, https:\/\/roseville.ch\/wp-content\/uploads\/2024\/06\/fete-foraine-1151x1536.jpg 1151w, https:\/\/roseville.ch\/wp-content\/uploads\/2024\/06\/fete-foraine-1535x2048.jpg 1535w, https:\/\/roseville.ch\/wp-content\/uploads\/2024\/06\/fete-foraine-9x12.jpg 9w, https:\/\/roseville.ch\/wp-content\/uploads\/2024\/06\/fete-foraine.jpg 1874w\" sizes=\"auto, (max-width: 768px) 100vw, 768px\" \/><\/p><\/div><\/div><\/div><div class=\"ea-card sp-ea-single\"><h3 class=\"ea-header\"><a class=\"collapsed\" id=\"ea-header-2821\" role=\"button\" data-sptoggle=\"spcollapse\" data-sptarget=\"#collapse2821\" aria-controls=\"collapse2821\" href=\"#\" aria-expanded=\"false\" tabindex=\"0\"><i aria-hidden=\"true\" role=\"presentation\" class=\"ea-expand-icon eap-icon-ea-expand-plus\"><\/i> Read the story...<\/a><\/h3><div class=\"sp-collapse spcollapse\" id=\"collapse2821\" data-parent=\"#sp-ea-282\" role=\"region\" aria-labelledby=\"ea-header-2821\"> <div class=\"ea-body\"><div><div>The nasty virus hadn't said its last word. A few weeks before the opening of the fair, he came back stronger, and forced people to re-confine themselves. And he was here to stay. So over the years people changed their lives. Relationships between people became virtual. They spent their day in front of their computers. And the big funfair fell into oblivion.<\/div><div>Fortunately, a few months ago, a group of scientists used their knowledge and the skills they had gained from countless escape games to discover the antidote\u2014the vaccine that defeated the virus! Little by little, people are coming back out of their homes. But they\u2019re no longer used to it!<\/div><div>No need to travel through time to remember the good times spent with friends before that damned virus. To encourage people to get out of their homes and reconnect with others, we\u2019d like to organize an event. As it happens, we\u2019ve found the remnants of the fair that was supposed to take place. It\u2019s been abandoned for a long time and isn\u2019t in great shape, but this is a unique opportunity to revive the city\u2019s spirit.<\/div><\/div><\/div><\/div><\/div><\/div><\/div><\/div><\/div>\n<\/div>","protected":false},"excerpt":{"rendered":"<p>Toutes nos salles sont r\u00e9alis\u00e9es par notre \u00e9quipe avec une attention particuli\u00e8re port\u00e9e \u00e0 des d\u00e9cors de qualit\u00e9 et originaux. De plus, nos \u00e9nigmes sauront vous surprendre et vous captiver. Chocolat Un bug informatique a d\u00e9truit tout le savoir stock\u00e9 sur internet, dont une fameuse recette de chocolat. Vous \u00eates engag\u00e9s pour retourner dans le [&hellip;]<\/p>\n","protected":false},"author":1,"featured_media":0,"parent":0,"menu_order":0,"comment_status":"closed","ping_status":"closed","template":"","meta":{"footnotes":""},"class_list":["post-138","page","type-page","status-publish","hentry"],"yoast_head":"<!-- This site is optimized with the Yoast SEO plugin v27.4 - https:\/\/yoast.com\/product\/yoast-seo-wordpress\/ -->\n<title>Nos salles - Roseville Escape<\/title>\n<meta name=\"description\" content=\"D\u00e9couvrez nos salles con\u00e7ues par nos soins, offrant des aventures immersives et originales. Vous aurez envie de toutes les essayer !\" \/>\n<meta name=\"robots\" content=\"index, follow, max-snippet:-1, max-image-preview:large, max-video-preview:-1\" \/>\n<link rel=\"canonical\" href=\"https:\/\/roseville.ch\/en\/nos-salles\/\" \/>\n<meta property=\"og:locale\" content=\"en_US\" \/>\n<meta property=\"og:type\" content=\"article\" \/>\n<meta property=\"og:title\" content=\"Nos salles - Roseville Escape\" \/>\n<meta property=\"og:description\" content=\"D\u00e9couvrez nos salles con\u00e7ues par nos soins, offrant des aventures immersives et originales. Vous aurez envie de toutes les essayer !\" \/>\n<meta property=\"og:url\" content=\"https:\/\/roseville.ch\/en\/nos-salles\/\" \/>\n<meta property=\"og:site_name\" content=\"Roseville Escape\" \/>\n<meta property=\"article:publisher\" content=\"https:\/\/www.facebook.com\/rosevilleescape\/\" \/>\n<meta property=\"article:modified_time\" content=\"2025-10-11T12:57:10+00:00\" \/>\n<meta name=\"twitter:card\" content=\"summary_large_image\" \/>\n<meta name=\"twitter:site\" content=\"@RosevilleEscape\" \/>\n<meta name=\"twitter:label1\" content=\"Est. reading time\" \/>\n\t<meta name=\"twitter:data1\" content=\"2 minutes\" \/>\n<script type=\"application\/ld+json\" class=\"yoast-schema-graph\">{\"@context\":\"https:\\\/\\\/schema.org\",\"@graph\":[{\"@type\":\"WebPage\",\"@id\":\"https:\\\/\\\/roseville.ch\\\/nos-salles\\\/\",\"url\":\"https:\\\/\\\/roseville.ch\\\/nos-salles\\\/\",\"name\":\"Nos salles - Roseville Escape\",\"isPartOf\":{\"@id\":\"https:\\\/\\\/roseville.ch\\\/#website\"},\"datePublished\":\"2024-03-29T12:37:45+00:00\",\"dateModified\":\"2025-10-11T12:57:10+00:00\",\"description\":\"D\u00e9couvrez nos salles con\u00e7ues par nos soins, offrant des aventures immersives et originales. Vous aurez envie de toutes les essayer !\",\"breadcrumb\":{\"@id\":\"https:\\\/\\\/roseville.ch\\\/nos-salles\\\/#breadcrumb\"},\"inLanguage\":\"en-US\",\"potentialAction\":[{\"@type\":\"ReadAction\",\"target\":[\"https:\\\/\\\/roseville.ch\\\/nos-salles\\\/\"]}]},{\"@type\":\"BreadcrumbList\",\"@id\":\"https:\\\/\\\/roseville.ch\\\/nos-salles\\\/#breadcrumb\",\"itemListElement\":[{\"@type\":\"ListItem\",\"position\":1,\"name\":\"Home\",\"item\":\"https:\\\/\\\/roseville.ch\\\/\"},{\"@type\":\"ListItem\",\"position\":2,\"name\":\"Nos salles\"}]},{\"@type\":\"WebSite\",\"@id\":\"https:\\\/\\\/roseville.ch\\\/#website\",\"url\":\"https:\\\/\\\/roseville.ch\\\/\",\"name\":\"Roseville Escape\",\"description\":\"Escape room pr\u00e8s de Vevey\",\"publisher\":{\"@id\":\"https:\\\/\\\/roseville.ch\\\/#organization\"},\"potentialAction\":[{\"@type\":\"SearchAction\",\"target\":{\"@type\":\"EntryPoint\",\"urlTemplate\":\"https:\\\/\\\/roseville.ch\\\/?s={search_term_string}\"},\"query-input\":{\"@type\":\"PropertyValueSpecification\",\"valueRequired\":true,\"valueName\":\"search_term_string\"}}],\"inLanguage\":\"en-US\"},{\"@type\":\"Organization\",\"@id\":\"https:\\\/\\\/roseville.ch\\\/#organization\",\"name\":\"Roseville Escape\",\"url\":\"https:\\\/\\\/roseville.ch\\\/\",\"logo\":{\"@type\":\"ImageObject\",\"inLanguage\":\"en-US\",\"@id\":\"https:\\\/\\\/roseville.ch\\\/#\\\/schema\\\/logo\\\/image\\\/\",\"url\":\"https:\\\/\\\/roseville.ch\\\/wp-content\\\/uploads\\\/2025\\\/01\\\/cropped-red-logo.png\",\"contentUrl\":\"https:\\\/\\\/roseville.ch\\\/wp-content\\\/uploads\\\/2025\\\/01\\\/cropped-red-logo.png\",\"width\":512,\"height\":512,\"caption\":\"Roseville Escape\"},\"image\":{\"@id\":\"https:\\\/\\\/roseville.ch\\\/#\\\/schema\\\/logo\\\/image\\\/\"},\"sameAs\":[\"https:\\\/\\\/www.facebook.com\\\/rosevilleescape\\\/\",\"https:\\\/\\\/x.com\\\/RosevilleEscape\",\"https:\\\/\\\/www.instagram.com\\\/roseville_escape\\\/\",\"https:\\\/\\\/www.youtube.com\\\/channel\\\/UCNq0gAc1oAZnBeBmyZQBaMw\"]}]}<\/script>\n<!-- \/ Yoast SEO plugin. -->","yoast_head_json":{"title":"Nos salles - Roseville Escape","description":"D\u00e9couvrez nos salles con\u00e7ues par nos soins, offrant des aventures immersives et originales. Vous aurez envie de toutes les essayer !","robots":{"index":"index","follow":"follow","max-snippet":"max-snippet:-1","max-image-preview":"max-image-preview:large","max-video-preview":"max-video-preview:-1"},"canonical":"https:\/\/roseville.ch\/en\/nos-salles\/","og_locale":"en_US","og_type":"article","og_title":"Nos salles - Roseville Escape","og_description":"D\u00e9couvrez nos salles con\u00e7ues par nos soins, offrant des aventures immersives et originales. Vous aurez envie de toutes les essayer !","og_url":"https:\/\/roseville.ch\/en\/nos-salles\/","og_site_name":"Roseville Escape","article_publisher":"https:\/\/www.facebook.com\/rosevilleescape\/","article_modified_time":"2025-10-11T12:57:10+00:00","twitter_card":"summary_large_image","twitter_site":"@RosevilleEscape","twitter_misc":{"Est. reading time":"2 minutes"},"schema":{"@context":"https:\/\/schema.org","@graph":[{"@type":"WebPage","@id":"https:\/\/roseville.ch\/nos-salles\/","url":"https:\/\/roseville.ch\/nos-salles\/","name":"Nos salles - Roseville Escape","isPartOf":{"@id":"https:\/\/roseville.ch\/#website"},"datePublished":"2024-03-29T12:37:45+00:00","dateModified":"2025-10-11T12:57:10+00:00","description":"D\u00e9couvrez nos salles con\u00e7ues par nos soins, offrant des aventures immersives et originales. Vous aurez envie de toutes les essayer !","breadcrumb":{"@id":"https:\/\/roseville.ch\/nos-salles\/#breadcrumb"},"inLanguage":"en-US","potentialAction":[{"@type":"ReadAction","target":["https:\/\/roseville.ch\/nos-salles\/"]}]},{"@type":"BreadcrumbList","@id":"https:\/\/roseville.ch\/nos-salles\/#breadcrumb","itemListElement":[{"@type":"ListItem","position":1,"name":"Home","item":"https:\/\/roseville.ch\/"},{"@type":"ListItem","position":2,"name":"Nos salles"}]},{"@type":"WebSite","@id":"https:\/\/roseville.ch\/#website","url":"https:\/\/roseville.ch\/","name":"Roseville Escape","description":"Escape room pr\u00e8s de Vevey","publisher":{"@id":"https:\/\/roseville.ch\/#organization"},"potentialAction":[{"@type":"SearchAction","target":{"@type":"EntryPoint","urlTemplate":"https:\/\/roseville.ch\/?s={search_term_string}"},"query-input":{"@type":"PropertyValueSpecification","valueRequired":true,"valueName":"search_term_string"}}],"inLanguage":"en-US"},{"@type":"Organization","@id":"https:\/\/roseville.ch\/#organization","name":"Roseville Escape","url":"https:\/\/roseville.ch\/","logo":{"@type":"ImageObject","inLanguage":"en-US","@id":"https:\/\/roseville.ch\/#\/schema\/logo\/image\/","url":"https:\/\/roseville.ch\/wp-content\/uploads\/2025\/01\/cropped-red-logo.png","contentUrl":"https:\/\/roseville.ch\/wp-content\/uploads\/2025\/01\/cropped-red-logo.png","width":512,"height":512,"caption":"Roseville Escape"},"image":{"@id":"https:\/\/roseville.ch\/#\/schema\/logo\/image\/"},"sameAs":["https:\/\/www.facebook.com\/rosevilleescape\/","https:\/\/x.com\/RosevilleEscape","https:\/\/www.instagram.com\/roseville_escape\/","https:\/\/www.youtube.com\/channel\/UCNq0gAc1oAZnBeBmyZQBaMw"]}]}},"_links":{"self":[{"href":"https:\/\/roseville.ch\/en\/wp-json\/wp\/v2\/pages\/138","targetHints":{"allow":["GET"]}}],"collection":[{"href":"https:\/\/roseville.ch\/en\/wp-json\/wp\/v2\/pages"}],"about":[{"href":"https:\/\/roseville.ch\/en\/wp-json\/wp\/v2\/types\/page"}],"author":[{"embeddable":true,"href":"https:\/\/roseville.ch\/en\/wp-json\/wp\/v2\/users\/1"}],"replies":[{"embeddable":true,"href":"https:\/\/roseville.ch\/en\/wp-json\/wp\/v2\/comments?post=138"}],"version-history":[{"count":1,"href":"https:\/\/roseville.ch\/en\/wp-json\/wp\/v2\/pages\/138\/revisions"}],"predecessor-version":[{"id":527,"href":"https:\/\/roseville.ch\/en\/wp-json\/wp\/v2\/pages\/138\/revisions\/527"}],"wp:attachment":[{"href":"https:\/\/roseville.ch\/en\/wp-json\/wp\/v2\/media?parent=138"}],"curies":[{"name":"wp","href":"https:\/\/api.w.org\/{rel}","templated":true}]}}